{"id":18711,"date":"2026-02-03T12:15:25","date_gmt":"2026-02-03T11:15:25","guid":{"rendered":"https:\/\/asf.mc\/condizioni-generali-di-utilizzo\/"},"modified":"2026-05-08T11:57:28","modified_gmt":"2026-05-08T09:57:28","slug":"condizioni-generali-di-utilizzo","status":"publish","type":"page","link":"https:\/\/asf.mc\/it\/condizioni-generali-di-utilizzo\/","title":{"rendered":"Condizioni generali di utilizzo"},"content":{"rendered":"\t\t<div data-elementor-type=\"wp-page\" data-elementor-id=\"18711\" class=\"elementor elementor-18711 elementor-17880\" data-elementor-post-type=\"page\">\n\t\t\t\t<div class=\"elementor-element elementor-element-43dc2420 e-flex e-con-boxed e-con e-parent\" data-id=\"43dc2420\" data-element_type=\"container\">\n\t\t\t\t\t<div class=\"e-con-inner\">\n\t\t\t\t<div class=\"elementor-element elementor-element-6138afa3 elementor-widget elementor-widget-text-editor\" data-id=\"6138afa3\" data-element_type=\"widget\" data-widget_type=\"text-editor.default\">\n\t\t\t\t\t\t\t\t\t<div class=\"wp-block-spacer\" style=\"height: 100px;\" aria-hidden=\"true\"> <\/div><h1 class=\"wp-block-heading\" style=\"text-align: center;\">Condizioni generali di utilizzo (CGU)<\/h1><p class=\"p1\"><b>Associazione: AMITI\u00c9 SANS FRONTI\u00c8RES International (ASFI)<\/b><br>Indirizzo: H\u00f4tel Hermitage &#8211; Place Beaumarchais, 98000 Principato di Monaco<\/p><p class=\"p1\">Data di entrata in vigore: aprile 2026<\/p><p> <\/p><h3 class=\"p1\"><b>1. Oggetto<\/b><b><\/b><\/h3><p class=\"p1\">Le presenti Condizioni Generali di Utilizzo (CGU) regolano l&#8217;accesso e l&#8217;utilizzo del sito web dell&#8217;associazione AMITI\u00c9 SANS FRONTI\u00c8RES International (di seguito \u00abASFI\u00bb). La navigazione sul sito implica l&#8217;accettazione senza riserve delle presenti CGU. <\/p><p> <\/p><h3 class=\"p1\"><b>2. Accesso al sito<\/b><b><\/b><\/h3><p class=\"p1\">L&#8217;accesso al sito \u00e8 libero. L&#8217;utente dichiara di disporre delle competenze e dei mezzi necessari per accedere e utilizzare il sito. ASFI non pu\u00f2 essere ritenuta responsabile per eventuali malfunzionamenti o interruzioni del servizio.  <\/p><h3> <\/h3><h3 class=\"p1\"><b>3. Propriet\u00e0 intellettuale<\/b><b><\/b><\/h3><p class=\"p1\">L&#8217;Associazione \u201cAmiti\u00e9 Sans Fronti\u00e8res Internationale\u201d (ASFI) \u00e8 titolare dei diritti di propriet\u00e0 intellettuale o detiene i diritti di utilizzo su tutti gli elementi accessibili sul sito, in conformit\u00e0 con la Legge n. 491 del 24 novembre 1948 sulla protezione delle opere letterarie e artistiche e con le disposizioni della Legge n. 1.383 del 2 agosto 2011 relativa alla protezione delle opere. \u00c8 vietata qualsiasi riproduzione, rappresentazione, modifica, pubblicazione o adattamento, totale o parziale, degli elementi del sito, indipendentemente dal mezzo o dal procedimento utilizzato, salvo previa autorizzazione scritta di ASFI. Qualsiasi utilizzo non autorizzato del sito o di uno qualsiasi degli elementi in esso contenuti sar\u00e0 considerato come una violazione del diritto d&#8217;autore e perseguito ai sensi delle disposizioni della Legge n. 491 del 24 novembre 1948 sulla protezione delle opere letterarie e artistiche e delle altre leggi monegasche in materia di propriet\u00e0 intellettuale.  <\/p><h3> <\/h3><h3 class=\"p1\"><b>4. Dati personali<\/b><b><\/b><\/h3><p class=\"p1\">ASFI si impegna a rispettare la privacy degli utenti del sito e a proteggere i dati personali raccolti. Per ulteriori informazioni, si prega di consultare la nostra Informativa sulla privacy. <\/p><h3 class=\"p1\"><b>5. Utilizzo del sito<\/b><b><\/b><\/h3><p class=\"p1\">L&#8217;utente si impegna a utilizzare il sito nel rispetto delle leggi e dei regolamenti vigenti, a non ledere i diritti di terzi n\u00e9 la sicurezza o l&#8217;integrit\u00e0 del sito. Qualsiasi utilizzo fraudolento o improprio comporter\u00e0 il divieto di accesso temporaneo o definitivo. <\/p><h3> <\/h3><h3 class=\"p1\"><b>6. Collegamenti ipertestuali<\/b><b><\/b><\/h3><p class=\"p1\">Il sito pu\u00f2 contenere link ad altri siti web. ASFI declina ogni responsabilit\u00e0 in merito ai contenuti, alle condizioni d&#8217;uso o alla politica sulla privacy di tali siti di terzi. <\/p><h3> <\/h3><h3 class=\"p1\"><b>7. Responsabilit\u00e0<\/b><b><\/b><\/h3><p class=\"p1\">ASFI si impegna a garantire l&#8217;accuratezza e l&#8217;aggiornamento delle informazioni pubblicate sul proprio sito. Tuttavia, non pu\u00f2 garantire che tali informazioni siano complete, precise o aggiornate. L&#8217;utente \u00e8 l&#8217;unico responsabile dell&#8217;uso che fa del sito e delle informazioni ivi contenute.  <\/p><h3> <\/h3><h3 class=\"p1\"><b>8. Modifica delle Condizioni generali d&#8217;uso<\/b><b><\/b><\/h3><p class=\"p1\">ASFI si riserva il diritto di modificare le presenti Condizioni generali di utilizzo in qualsiasi momento. Le nuove disposizioni entreranno in vigore non appena saranno pubblicate sul sito. <\/p><h3> <\/h3><h3 class=\"p1\"><b>9. Note legali <\/b><\/h3><p class=\"p1\">Associazione monegasca autorizzata con Decreto Ministeriale n. 96-489 del 4 novembre 1996, recante l&#8217;autorizzazione e l&#8217;approvazione dello statuto dell&#8217;associazione denominata \u00abAmiti\u00e9 Sans Fronti\u00e8res Internationale\u00bb, detto statuto essendo stato modificato e vistato dal Segretariato Generale del Governo monegasco il 14 febbraio 2025, e la ricevuta di modifica dello statuto essendo stata pubblicata sul Journal de Monaco in data 28 febbraio 2025.<\/p><h3> <\/h3><h3 class=\"p1\"><b>10. Diritto applicabile e foro competente<\/b><b><\/b><\/h3><p class=\"p1\">Le presenti Condizioni Generali d&#8217;Uso sono soggette al diritto monegasco. In caso di controversia, saranno competenti esclusivamente i tribunali del Principato di Monaco. Nome e indirizzo dell&#8217;autorit\u00e0 che ha rilasciato l&#8217;autorizzazione all&#8217;esercizio dell&#8217;attivit\u00e0: Ministero di Stato, Place de la Visitation, 98000 Monaco  <\/p><p class=\"p1\">Per qualsiasi domanda relativa alle presenti condizioni, potete contattare:<br>ASFI &#8211; H\u00f4tel Hermitage, Place Beaumarchais, 98000 Principato di Monaco<br>E-mail: secretariat AT asf.mc<\/p><h3> <\/h3><h3 class=\"p3\"><b>Dati di contatto del gestore del sito<\/b><\/h3><p data-start=\"156\" data-end=\"212\">Monaco Telecom<br data-start=\"170\" data-end=\"173\">25 Boulevard de Suisse<br data-start=\"195\" data-end=\"198\">98000 Monaco<\/p><p data-start=\"214\" data-end=\"287\">Telefono : +377 99 66 33 00<br data-start=\"242\" data-end=\"245\">Sito web : <a class=\"decorated-link\" href=\"https:\/\/www.monaco-telecom.mc\" target=\"_new\" rel=\"noopener\" data-start=\"256\" data-end=\"285\">https:\/\/www.monaco-telecom.mc<\/a><\/p>\t\t\t\t\t\t\t\t<\/div>\n\t\t\t\t\t<\/div>\n\t\t\t\t<\/div>\n\t\t\t\t<\/div>\n\t\t","protected":false},"excerpt":{"rendered":"<p>Condizioni generali di utilizzo (CGU) Associazione: AMITI\u00c9 SANS FRONTI\u00c8RES International (ASFI)Indirizzo: H\u00f4tel Hermitage &#8211; Place Beaumarchais, 98000 Principato di Monaco Data di entrata in vigore: aprile 2026 1. Oggetto Le [&hellip;]<\/p>\n","protected":false},"author":1,"featured_media":0,"parent":0,"menu_order":0,"comment_status":"closed","ping_status":"closed","template":"","meta":{"give_campaign_id":0,"footnotes":""},"class_list":["post-18711","page","type-page","status-publish","hentry"],"yoast_head":"<!-- This site is optimized with the Yoast SEO plugin v27.1.1 - https:\/\/yoast.com\/product\/yoast-seo-wordpress\/ -->\n<title>Condizioni generali di utilizzo - ASF Internationale<\/title>\n<meta name=\"robots\" content=\"noindex, nofollow\" \/>\n<meta property=\"og:locale\" content=\"it_IT\" \/>\n<meta property=\"og:type\" content=\"article\" \/>\n<meta property=\"og:title\" content=\"Condizioni generali di utilizzo - ASF Internationale\" \/>\n<meta property=\"og:description\" content=\"Condizioni generali di utilizzo (CGU) Associazione: AMITI\u00c9 SANS FRONTI\u00c8RES International (ASFI)Indirizzo: H\u00f4tel Hermitage &#8211; Place Beaumarchais, 98000 Principato di Monaco Data di entrata in vigore: aprile 2026 1. Oggetto Le [&hellip;]\" \/>\n<meta property=\"og:url\" content=\"https:\/\/asf.mc\/it\/condizioni-generali-di-utilizzo\/\" \/>\n<meta property=\"og:site_name\" content=\"ASF Internationale\" \/>\n<meta property=\"article:modified_time\" content=\"2026-05-08T09:57:28+00:00\" \/>\n<meta name=\"twitter:card\" content=\"summary_large_image\" \/>\n<meta name=\"twitter:label1\" content=\"Tempo di lettura stimato\" \/>\n\t<meta name=\"twitter:data1\" content=\"3 minuto\" \/>\n<script type=\"application\/ld+json\" class=\"yoast-schema-graph\">{\"@context\":\"https:\/\/schema.org\",\"@graph\":[{\"@type\":\"WebPage\",\"@id\":\"https:\/\/asf.mc\/it\/condizioni-generali-di-utilizzo\/\",\"url\":\"https:\/\/asf.mc\/it\/condizioni-generali-di-utilizzo\/\",\"name\":\"Condizioni generali di utilizzo - ASF Internationale\",\"isPartOf\":{\"@id\":\"https:\/\/asf.mc\/it\/#website\"},\"datePublished\":\"2026-02-03T11:15:25+00:00\",\"dateModified\":\"2026-05-08T09:57:28+00:00\",\"breadcrumb\":{\"@id\":\"https:\/\/asf.mc\/it\/condizioni-generali-di-utilizzo\/#breadcrumb\"},\"inLanguage\":\"it-IT\",\"potentialAction\":[{\"@type\":\"ReadAction\",\"target\":[\"https:\/\/asf.mc\/it\/condizioni-generali-di-utilizzo\/\"]}]},{\"@type\":\"BreadcrumbList\",\"@id\":\"https:\/\/asf.mc\/it\/condizioni-generali-di-utilizzo\/#breadcrumb\",\"itemListElement\":[{\"@type\":\"ListItem\",\"position\":1,\"name\":\"Accueil\",\"item\":\"https:\/\/asf.mc\/it\/\"},{\"@type\":\"ListItem\",\"position\":2,\"name\":\"Condizioni generali di utilizzo\"}]},{\"@type\":\"WebSite\",\"@id\":\"https:\/\/asf.mc\/it\/#website\",\"url\":\"https:\/\/asf.mc\/it\/\",\"name\":\"ASF Internationale\",\"description\":\"\",\"potentialAction\":[{\"@type\":\"SearchAction\",\"target\":{\"@type\":\"EntryPoint\",\"urlTemplate\":\"https:\/\/asf.mc\/it\/?s={search_term_string}\"},\"query-input\":{\"@type\":\"PropertyValueSpecification\",\"valueRequired\":true,\"valueName\":\"search_term_string\"}}],\"inLanguage\":\"it-IT\"}]}<\/script>\n<!-- \/ Yoast SEO plugin. -->","yoast_head_json":{"title":"Condizioni generali di utilizzo - ASF Internationale","robots":{"index":"noindex","follow":"nofollow"},"og_locale":"it_IT","og_type":"article","og_title":"Condizioni generali di utilizzo - ASF Internationale","og_description":"Condizioni generali di utilizzo (CGU) Associazione: AMITI\u00c9 SANS FRONTI\u00c8RES International (ASFI)Indirizzo: H\u00f4tel Hermitage &#8211; Place Beaumarchais, 98000 Principato di Monaco Data di entrata in vigore: aprile 2026 1. Oggetto Le [&hellip;]","og_url":"https:\/\/asf.mc\/it\/condizioni-generali-di-utilizzo\/","og_site_name":"ASF Internationale","article_modified_time":"2026-05-08T09:57:28+00:00","twitter_card":"summary_large_image","twitter_misc":{"Tempo di lettura stimato":"3 minuto"},"schema":{"@context":"https:\/\/schema.org","@graph":[{"@type":"WebPage","@id":"https:\/\/asf.mc\/it\/condizioni-generali-di-utilizzo\/","url":"https:\/\/asf.mc\/it\/condizioni-generali-di-utilizzo\/","name":"Condizioni generali di utilizzo - ASF Internationale","isPartOf":{"@id":"https:\/\/asf.mc\/it\/#website"},"datePublished":"2026-02-03T11:15:25+00:00","dateModified":"2026-05-08T09:57:28+00:00","breadcrumb":{"@id":"https:\/\/asf.mc\/it\/condizioni-generali-di-utilizzo\/#breadcrumb"},"inLanguage":"it-IT","potentialAction":[{"@type":"ReadAction","target":["https:\/\/asf.mc\/it\/condizioni-generali-di-utilizzo\/"]}]},{"@type":"BreadcrumbList","@id":"https:\/\/asf.mc\/it\/condizioni-generali-di-utilizzo\/#breadcrumb","itemListElement":[{"@type":"ListItem","position":1,"name":"Accueil","item":"https:\/\/asf.mc\/it\/"},{"@type":"ListItem","position":2,"name":"Condizioni generali di utilizzo"}]},{"@type":"WebSite","@id":"https:\/\/asf.mc\/it\/#website","url":"https:\/\/asf.mc\/it\/","name":"ASF Internationale","description":"","potentialAction":[{"@type":"SearchAction","target":{"@type":"EntryPoint","urlTemplate":"https:\/\/asf.mc\/it\/?s={search_term_string}"},"query-input":{"@type":"PropertyValueSpecification","valueRequired":true,"valueName":"search_term_string"}}],"inLanguage":"it-IT"}]}},"campaignId":"","_links":{"self":[{"href":"https:\/\/asf.mc\/it\/wp-json\/wp\/v2\/pages\/18711","targetHints":{"allow":["GET"]}}],"collection":[{"href":"https:\/\/asf.mc\/it\/wp-json\/wp\/v2\/pages"}],"about":[{"href":"https:\/\/asf.mc\/it\/wp-json\/wp\/v2\/types\/page"}],"author":[{"embeddable":true,"href":"https:\/\/asf.mc\/it\/wp-json\/wp\/v2\/users\/1"}],"replies":[{"embeddable":true,"href":"https:\/\/asf.mc\/it\/wp-json\/wp\/v2\/comments?post=18711"}],"version-history":[{"count":1,"href":"https:\/\/asf.mc\/it\/wp-json\/wp\/v2\/pages\/18711\/revisions"}],"predecessor-version":[{"id":18712,"href":"https:\/\/asf.mc\/it\/wp-json\/wp\/v2\/pages\/18711\/revisions\/18712"}],"wp:attachment":[{"href":"https:\/\/asf.mc\/it\/wp-json\/wp\/v2\/media?parent=18711"}],"curies":[{"name":"wp","href":"https:\/\/api.w.org\/{rel}","templated":true}]}}