{"id":18665,"date":"2021-05-10T09:57:34","date_gmt":"2021-05-10T07:57:34","guid":{"rendered":"https:\/\/asf.mc\/contatti\/"},"modified":"2026-05-08T16:11:54","modified_gmt":"2026-05-08T14:11:54","slug":"contatti","status":"publish","type":"page","link":"https:\/\/asf.mc\/it\/contatti\/","title":{"rendered":"CONTATTI"},"content":{"rendered":"\t\t<div data-elementor-type=\"wp-page\" data-elementor-id=\"18665\" class=\"elementor elementor-18665 elementor-1680\" data-elementor-post-type=\"page\">\n\t\t\t\t<div class=\"elementor-element elementor-element-847e991 e-con-full e-flex e-con e-parent\" data-id=\"847e991\" data-element_type=\"container\" data-settings=\"{&quot;background_background&quot;:&quot;classic&quot;}\">\n\t\t<div class=\"elementor-element elementor-element-4c312aa e-con-full e-flex e-con e-child\" data-id=\"4c312aa\" data-element_type=\"container\">\n\t\t\t\t<div class=\"elementor-element elementor-element-986efaa elementor-widget elementor-widget-heading\" data-id=\"986efaa\" data-element_type=\"widget\" data-widget_type=\"heading.default\">\n\t\t\t\t\t<h1 class=\"elementor-heading-title elementor-size-default\">Contatti<\/h1>\t\t\t\t<\/div>\n\t\t\t\t<\/div>\n\t\t\t\t<\/div>\n\t\t\t\t<section class=\"elementor-section elementor-top-section elementor-element elementor-element-0bdabfc elementor-section-stretched elementor-section-boxed elementor-section-height-default elementor-section-height-default\" data-id=\"0bdabfc\" data-element_type=\"section\" data-settings=\"{&quot;stretch_section&quot;:&quot;section-stretched&quot;,&quot;background_background&quot;:&quot;classic&quot;}\">\n\t\t\t\t\t\t<div class=\"elementor-container elementor-column-gap-default\">\n\t\t\t\t\t<div class=\"elementor-column elementor-col-50 elementor-top-column elementor-element elementor-element-e0c39ed\" data-id=\"e0c39ed\" data-element_type=\"column\" data-settings=\"{&quot;animation&quot;:&quot;none&quot;}\">\n\t\t\t<div class=\"elementor-widget-wrap elementor-element-populated\">\n\t\t\t\t\t\t<div class=\"elementor-element elementor-element-b50a8fb elementor-widget elementor-widget-heading\" data-id=\"b50a8fb\" data-element_type=\"widget\" data-widget_type=\"heading.default\">\n\t\t\t\t\t<h2 class=\"elementor-heading-title elementor-size-default\">Restiamo in contatto<\/h2>\t\t\t\t<\/div>\n\t\t\t\t<div class=\"elementor-element elementor-element-e4fd082 elementor-widget elementor-widget-heading\" data-id=\"e4fd082\" data-element_type=\"widget\" data-widget_type=\"heading.default\">\n\t\t\t\t\t<h5 class=\"elementor-heading-title elementor-size-default\">UMANITARI NEL CUORE<\/h5>\t\t\t\t<\/div>\n\t\t\t\t<div class=\"elementor-element elementor-element-bc13a6f elementor-widget elementor-widget-text-editor\" data-id=\"bc13a6f\" data-element_type=\"widget\" data-widget_type=\"text-editor.default\">\n\t\t\t\t\t\t\t\t\t<p>Per qualsiasi domanda, richiesta di informazioni o per contattare Amiti\u00e9 Sans Fronti\u00e8res Monaco, il nostro team \u00e8 a vostra disposizione. Non esitate a scriverci: vi risponderemo con attenzione nel pi\u00f9 breve tempo possibile. <\/p>\t\t\t\t\t\t\t\t<\/div>\n\t\t\t\t<div class=\"elementor-element elementor-element-844d1dd elementor-widget elementor-widget-cf7\" data-id=\"844d1dd\" data-element_type=\"widget\" data-widget_type=\"cf7.default\">\n\t\t\t\t<div class=\"elementor-widget-container\">\n\t\t\t\t\t\n\t\t<div class=\"nd_elements_cf7_component\">\n\t\t\t\n<div class=\"wpcf7 no-js\" id=\"wpcf7-f18850-o1\" lang=\"it-IT\" dir=\"ltr\" data-wpcf7-id=\"18850\">\n<div class=\"screen-reader-response\"><p role=\"status\" aria-live=\"polite\" aria-atomic=\"true\"><\/p> <ul><\/ul><\/div>\n<form action=\"\/it\/wp-json\/wp\/v2\/pages\/18665#wpcf7-f18850-o1\" method=\"post\" class=\"wpcf7-form init\" aria-label=\"Modulo di contatto\" novalidate=\"novalidate\" data-status=\"init\">\n<fieldset class=\"hidden-fields-container\"><input type=\"hidden\" name=\"_wpcf7\" value=\"18850\" \/><input type=\"hidden\" name=\"_wpcf7_version\" value=\"6.1.5\" \/><input type=\"hidden\" name=\"_wpcf7_locale\" value=\"it_IT\" \/><input type=\"hidden\" name=\"_wpcf7_unit_tag\" value=\"wpcf7-f18850-o1\" \/><input type=\"hidden\" name=\"_wpcf7_container_post\" value=\"0\" \/><input type=\"hidden\" name=\"_wpcf7_posted_data_hash\" value=\"\" \/><input type=\"hidden\" name=\"_wpcf7_recaptcha_response\" value=\"\" \/>\n<\/fieldset>\n<p><span class=\"wpcf7-form-control-wrap\" data-name=\"name-tx\"><input size=\"40\" maxlength=\"400\" class=\"wpcf7-form-control wpcf7-text wpcf7-validates-as-required\" aria-required=\"true\" aria-invalid=\"false\" placeholder=\"Nome\" value=\"\" type=\"text\" name=\"name-tx\" \/><\/span><br \/>\n<span class=\"wpcf7-form-control-wrap\" data-name=\"email-634\"><input size=\"40\" maxlength=\"400\" class=\"wpcf7-form-control wpcf7-email wpcf7-validates-as-required wpcf7-text wpcf7-validates-as-email\" aria-required=\"true\" aria-invalid=\"false\" placeholder=\"Email\" value=\"\" type=\"email\" name=\"email-634\" \/><\/span><br \/>\n<span class=\"wpcf7-form-control-wrap\" data-name=\"textarea-120\"><textarea cols=\"40\" rows=\"8\" maxlength=\"2000\" class=\"wpcf7-form-control wpcf7-textarea wpcf7-validates-as-required\" aria-required=\"true\" aria-invalid=\"false\" placeholder=\"Messaggio\" name=\"textarea-120\"><\/textarea><\/span><br \/>\n<input class=\"wpcf7-form-control wpcf7-submit has-spinner\" type=\"submit\" value=\"INVIARE\" \/>\n<\/p><div class=\"wpcf7-response-output\" aria-hidden=\"true\"><\/div>\n<\/form>\n<\/div>\n\n\t\t<\/div>\t\t\t\t<\/div>\n\t\t\t\t<\/div>\n\t\t\t\t\t<\/div>\n\t\t<\/div>\n\t\t\t\t<div class=\"elementor-column elementor-col-50 elementor-top-column elementor-element elementor-element-c7efca0 elementor-invisible\" data-id=\"c7efca0\" data-element_type=\"column\" data-settings=\"{&quot;background_background&quot;:&quot;classic&quot;,&quot;animation&quot;:&quot;fadeInRight&quot;}\">\n\t\t\t<div class=\"elementor-widget-wrap elementor-element-populated\">\n\t\t\t\t\t\t<div class=\"elementor-element elementor-element-8304028 elementor-widget elementor-widget-google_maps\" data-id=\"8304028\" data-element_type=\"widget\" data-widget_type=\"google_maps.default\">\n\t\t\t\t\t\t\t<div class=\"elementor-custom-embed\">\n\t\t\t<iframe loading=\"lazy\"\n\t\t\t\t\tsrc=\"https:\/\/maps.google.com\/maps?q=Hotel%20Hermitage%20Monaco&#038;t=m&#038;z=15&#038;output=embed&#038;iwloc=near\"\n\t\t\t\t\ttitle=\"Hotel Hermitage Monaco\"\n\t\t\t\t\taria-label=\"Hotel Hermitage Monaco\"\n\t\t\t><\/iframe>\n\t\t<\/div>\n\t\t\t\t\t\t<\/div>\n\t\t\t\t<section class=\"elementor-section elementor-inner-section elementor-element elementor-element-4df5a6e elementor-section-content-middle elementor-section-boxed elementor-section-height-default elementor-section-height-default\" data-id=\"4df5a6e\" data-element_type=\"section\">\n\t\t\t\t\t\t<div class=\"elementor-container elementor-column-gap-default\">\n\t\t\t\t\t<div class=\"elementor-column elementor-col-50 elementor-inner-column elementor-element elementor-element-ec48324\" data-id=\"ec48324\" data-element_type=\"column\">\n\t\t\t<div class=\"elementor-widget-wrap elementor-element-populated\">\n\t\t\t\t\t\t<div class=\"elementor-element elementor-element-195b42f elementor-widget__width-initial elementor-widget elementor-widget-heading\" data-id=\"195b42f\" data-element_type=\"widget\" data-widget_type=\"heading.default\">\n\t\t\t\t\t<h6 class=\"elementor-heading-title elementor-size-default\">INDRIZZO:<\/h6>\t\t\t\t<\/div>\n\t\t\t\t<div class=\"elementor-element elementor-element-0e694fb elementor-widget__width-initial elementor-widget elementor-widget-heading\" data-id=\"0e694fb\" data-element_type=\"widget\" data-widget_type=\"heading.default\">\n\t\t\t\t\t<p class=\"elementor-heading-title elementor-size-default\">Sq. Beaumarchais<\/p>\t\t\t\t<\/div>\n\t\t\t\t\t<\/div>\n\t\t<\/div>\n\t\t\t\t<div class=\"elementor-column elementor-col-50 elementor-inner-column elementor-element elementor-element-83f7d8a\" data-id=\"83f7d8a\" data-element_type=\"column\">\n\t\t\t<div class=\"elementor-widget-wrap elementor-element-populated\">\n\t\t\t\t\t\t<div class=\"elementor-element elementor-element-3fa7186 elementor-widget__width-initial elementor-widget elementor-widget-heading\" data-id=\"3fa7186\" data-element_type=\"widget\" data-widget_type=\"heading.default\">\n\t\t\t\t\t<h6 class=\"elementor-heading-title elementor-size-default\">CITT\u00c0<\/h6>\t\t\t\t<\/div>\n\t\t\t\t<div class=\"elementor-element elementor-element-920f096 elementor-widget elementor-widget-heading\" data-id=\"920f096\" data-element_type=\"widget\" data-widget_type=\"heading.default\">\n\t\t\t\t\t<p class=\"elementor-heading-title elementor-size-default\">98000 Monaco<\/p>\t\t\t\t<\/div>\n\t\t\t\t\t<\/div>\n\t\t<\/div>\n\t\t\t\t\t<\/div>\n\t\t<\/section>\n\t\t\t\t<section class=\"elementor-section elementor-inner-section elementor-element elementor-element-50e4b60 elementor-section-content-middle elementor-section-boxed elementor-section-height-default elementor-section-height-default\" data-id=\"50e4b60\" data-element_type=\"section\">\n\t\t\t\t\t\t<div class=\"elementor-container elementor-column-gap-default\">\n\t\t\t\t\t<div class=\"elementor-column elementor-col-100 elementor-inner-column elementor-element elementor-element-d354421\" data-id=\"d354421\" data-element_type=\"column\">\n\t\t\t<div class=\"elementor-widget-wrap elementor-element-populated\">\n\t\t\t\t\t\t<div class=\"elementor-element elementor-element-dfe05a3 elementor-widget__width-initial elementor-widget elementor-widget-heading\" data-id=\"dfe05a3\" data-element_type=\"widget\" data-widget_type=\"heading.default\">\n\t\t\t\t\t<h6 class=\"elementor-heading-title elementor-size-default\">EMAIL :<\/h6>\t\t\t\t<\/div>\n\t\t\t\t<div class=\"elementor-element elementor-element-8a51c90 elementor-widget__width-initial elementor-widget elementor-widget-heading\" data-id=\"8a51c90\" data-element_type=\"widget\" data-widget_type=\"heading.default\">\n\t\t\t\t\t<p class=\"elementor-heading-title elementor-size-default\">contact@asf.mc<\/p>\t\t\t\t<\/div>\n\t\t\t\t\t<\/div>\n\t\t<\/div>\n\t\t\t\t\t<\/div>\n\t\t<\/section>\n\t\t\t\t\t<\/div>\n\t\t<\/div>\n\t\t\t\t\t<\/div>\n\t\t<\/section>\n\t\t\t\t<\/div>\n\t\t","protected":false},"excerpt":{"rendered":"<p>Contatti Restiamo in contatto UMANITARI NEL CUORE Per qualsiasi domanda, richiesta di informazioni o per contattare Amiti\u00e9 Sans Fronti\u00e8res Monaco, il nostro team \u00e8 a vostra disposizione. Non esitate a [&hellip;]<\/p>\n","protected":false},"author":1,"featured_media":18912,"parent":0,"menu_order":0,"comment_status":"closed","ping_status":"closed","template":"elementor_header_footer","meta":{"give_campaign_id":0,"footnotes":""},"class_list":["post-18665","page","type-page","status-publish","has-post-thumbnail","hentry"],"yoast_head":"<!-- This site is optimized with the Yoast SEO plugin v27.1.1 - https:\/\/yoast.com\/product\/yoast-seo-wordpress\/ -->\n<title>Contattare ASF Internazionale<\/title>\n<meta name=\"description\" content=\"Per qualsiasi domanda o richiesta, contatta ASF Internazionale telefonicamente, via e-mail o tramite il nostro modulo di contatto dedicato.\" \/>\n<meta name=\"robots\" content=\"index, follow, max-snippet:-1, max-image-preview:large, max-video-preview:-1\" \/>\n<link rel=\"canonical\" href=\"https:\/\/asf.mc\/it\/contatti\/\" \/>\n<meta property=\"og:locale\" content=\"it_IT\" \/>\n<meta property=\"og:type\" content=\"article\" \/>\n<meta property=\"og:title\" content=\"Contattare ASF Internazionale\" \/>\n<meta property=\"og:description\" content=\"Per qualsiasi domanda o richiesta, contatta ASF Internazionale telefonicamente, via e-mail o tramite il nostro modulo di contatto dedicato.\" \/>\n<meta property=\"og:url\" content=\"https:\/\/asf.mc\/it\/contatti\/\" \/>\n<meta property=\"og:site_name\" content=\"ASF Internationale\" \/>\n<meta property=\"article:modified_time\" content=\"2026-05-08T14:11:54+00:00\" \/>\n<meta property=\"og:image\" content=\"https:\/\/asf.mc\/wp-content\/uploads\/2026\/02\/3-699f074eb9877.webp\" \/>\n\t<meta property=\"og:image:width\" content=\"1920\" \/>\n\t<meta property=\"og:image:height\" content=\"1280\" \/>\n\t<meta property=\"og:image:type\" content=\"image\/webp\" \/>\n<meta name=\"twitter:card\" content=\"summary_large_image\" \/>\n<meta name=\"twitter:label1\" content=\"Tempo di lettura stimato\" \/>\n\t<meta name=\"twitter:data1\" content=\"1 minuto\" \/>\n<script type=\"application\/ld+json\" class=\"yoast-schema-graph\">{\"@context\":\"https:\/\/schema.org\",\"@graph\":[{\"@type\":\"WebPage\",\"@id\":\"https:\/\/asf.mc\/it\/contatti\/\",\"url\":\"https:\/\/asf.mc\/it\/contatti\/\",\"name\":\"Contattare ASF Internazionale\",\"isPartOf\":{\"@id\":\"https:\/\/asf.mc\/it\/#website\"},\"primaryImageOfPage\":{\"@id\":\"https:\/\/asf.mc\/it\/contatti\/#primaryimage\"},\"image\":{\"@id\":\"https:\/\/asf.mc\/it\/contatti\/#primaryimage\"},\"thumbnailUrl\":\"https:\/\/asf.mc\/wp-content\/uploads\/2026\/02\/3-699f074eb9877.webp\",\"datePublished\":\"2021-05-10T07:57:34+00:00\",\"dateModified\":\"2026-05-08T14:11:54+00:00\",\"description\":\"Per qualsiasi domanda o richiesta, contatta ASF Internazionale telefonicamente, via e-mail o tramite il nostro modulo di contatto dedicato.\",\"breadcrumb\":{\"@id\":\"https:\/\/asf.mc\/it\/contatti\/#breadcrumb\"},\"inLanguage\":\"it-IT\",\"potentialAction\":[{\"@type\":\"ReadAction\",\"target\":[\"https:\/\/asf.mc\/it\/contatti\/\"]}]},{\"@type\":\"ImageObject\",\"inLanguage\":\"it-IT\",\"@id\":\"https:\/\/asf.mc\/it\/contatti\/#primaryimage\",\"url\":\"https:\/\/asf.mc\/wp-content\/uploads\/2026\/02\/3-699f074eb9877.webp\",\"contentUrl\":\"https:\/\/asf.mc\/wp-content\/uploads\/2026\/02\/3-699f074eb9877.webp\",\"width\":1920,\"height\":1280},{\"@type\":\"BreadcrumbList\",\"@id\":\"https:\/\/asf.mc\/it\/contatti\/#breadcrumb\",\"itemListElement\":[{\"@type\":\"ListItem\",\"position\":1,\"name\":\"Accueil\",\"item\":\"https:\/\/asf.mc\/it\/\"},{\"@type\":\"ListItem\",\"position\":2,\"name\":\"CONTATTI\"}]},{\"@type\":\"WebSite\",\"@id\":\"https:\/\/asf.mc\/it\/#website\",\"url\":\"https:\/\/asf.mc\/it\/\",\"name\":\"ASF Internationale\",\"description\":\"\",\"potentialAction\":[{\"@type\":\"SearchAction\",\"target\":{\"@type\":\"EntryPoint\",\"urlTemplate\":\"https:\/\/asf.mc\/it\/?s={search_term_string}\"},\"query-input\":{\"@type\":\"PropertyValueSpecification\",\"valueRequired\":true,\"valueName\":\"search_term_string\"}}],\"inLanguage\":\"it-IT\"}]}<\/script>\n<!-- \/ Yoast SEO plugin. -->","yoast_head_json":{"title":"Contattare ASF Internazionale","description":"Per qualsiasi domanda o richiesta, contatta ASF Internazionale telefonicamente, via e-mail o tramite il nostro modulo di contatto dedicato.","robots":{"index":"index","follow":"follow","max-snippet":"max-snippet:-1","max-image-preview":"max-image-preview:large","max-video-preview":"max-video-preview:-1"},"canonical":"https:\/\/asf.mc\/it\/contatti\/","og_locale":"it_IT","og_type":"article","og_title":"Contattare ASF Internazionale","og_description":"Per qualsiasi domanda o richiesta, contatta ASF Internazionale telefonicamente, via e-mail o tramite il nostro modulo di contatto dedicato.","og_url":"https:\/\/asf.mc\/it\/contatti\/","og_site_name":"ASF Internationale","article_modified_time":"2026-05-08T14:11:54+00:00","og_image":[{"width":1920,"height":1280,"url":"https:\/\/asf.mc\/wp-content\/uploads\/2026\/02\/3-699f074eb9877.webp","type":"image\/webp"}],"twitter_card":"summary_large_image","twitter_misc":{"Tempo di lettura stimato":"1 minuto"},"schema":{"@context":"https:\/\/schema.org","@graph":[{"@type":"WebPage","@id":"https:\/\/asf.mc\/it\/contatti\/","url":"https:\/\/asf.mc\/it\/contatti\/","name":"Contattare ASF Internazionale","isPartOf":{"@id":"https:\/\/asf.mc\/it\/#website"},"primaryImageOfPage":{"@id":"https:\/\/asf.mc\/it\/contatti\/#primaryimage"},"image":{"@id":"https:\/\/asf.mc\/it\/contatti\/#primaryimage"},"thumbnailUrl":"https:\/\/asf.mc\/wp-content\/uploads\/2026\/02\/3-699f074eb9877.webp","datePublished":"2021-05-10T07:57:34+00:00","dateModified":"2026-05-08T14:11:54+00:00","description":"Per qualsiasi domanda o richiesta, contatta ASF Internazionale telefonicamente, via e-mail o tramite il nostro modulo di contatto dedicato.","breadcrumb":{"@id":"https:\/\/asf.mc\/it\/contatti\/#breadcrumb"},"inLanguage":"it-IT","potentialAction":[{"@type":"ReadAction","target":["https:\/\/asf.mc\/it\/contatti\/"]}]},{"@type":"ImageObject","inLanguage":"it-IT","@id":"https:\/\/asf.mc\/it\/contatti\/#primaryimage","url":"https:\/\/asf.mc\/wp-content\/uploads\/2026\/02\/3-699f074eb9877.webp","contentUrl":"https:\/\/asf.mc\/wp-content\/uploads\/2026\/02\/3-699f074eb9877.webp","width":1920,"height":1280},{"@type":"BreadcrumbList","@id":"https:\/\/asf.mc\/it\/contatti\/#breadcrumb","itemListElement":[{"@type":"ListItem","position":1,"name":"Accueil","item":"https:\/\/asf.mc\/it\/"},{"@type":"ListItem","position":2,"name":"CONTATTI"}]},{"@type":"WebSite","@id":"https:\/\/asf.mc\/it\/#website","url":"https:\/\/asf.mc\/it\/","name":"ASF Internationale","description":"","potentialAction":[{"@type":"SearchAction","target":{"@type":"EntryPoint","urlTemplate":"https:\/\/asf.mc\/it\/?s={search_term_string}"},"query-input":{"@type":"PropertyValueSpecification","valueRequired":true,"valueName":"search_term_string"}}],"inLanguage":"it-IT"}]}},"campaignId":"","_links":{"self":[{"href":"https:\/\/asf.mc\/it\/wp-json\/wp\/v2\/pages\/18665","targetHints":{"allow":["GET"]}}],"collection":[{"href":"https:\/\/asf.mc\/it\/wp-json\/wp\/v2\/pages"}],"about":[{"href":"https:\/\/asf.mc\/it\/wp-json\/wp\/v2\/types\/page"}],"author":[{"embeddable":true,"href":"https:\/\/asf.mc\/it\/wp-json\/wp\/v2\/users\/1"}],"replies":[{"embeddable":true,"href":"https:\/\/asf.mc\/it\/wp-json\/wp\/v2\/comments?post=18665"}],"version-history":[{"count":2,"href":"https:\/\/asf.mc\/it\/wp-json\/wp\/v2\/pages\/18665\/revisions"}],"predecessor-version":[{"id":18669,"href":"https:\/\/asf.mc\/it\/wp-json\/wp\/v2\/pages\/18665\/revisions\/18669"}],"wp:featuredmedia":[{"embeddable":true,"href":"https:\/\/asf.mc\/it\/wp-json\/wp\/v2\/media\/18912"}],"wp:attachment":[{"href":"https:\/\/asf.mc\/it\/wp-json\/wp\/v2\/media?parent=18665"}],"curies":[{"name":"wp","href":"https:\/\/api.w.org\/{rel}","templated":true}]}}