{"id":18796,"date":"2026-02-03T12:15:25","date_gmt":"2026-02-03T11:15:25","guid":{"rendered":"https:\/\/asf.mc\/terms-and-conditions\/"},"modified":"2026-05-08T16:06:43","modified_gmt":"2026-05-08T14:06:43","slug":"terms-and-conditions","status":"publish","type":"page","link":"https:\/\/asf.mc\/en\/terms-and-conditions\/","title":{"rendered":"Terms and Conditions"},"content":{"rendered":"\t\t<div data-elementor-type=\"wp-page\" data-elementor-id=\"18796\" class=\"elementor elementor-18796 elementor-17880\" data-elementor-post-type=\"page\">\n\t\t\t\t<div class=\"elementor-element elementor-element-43dc2420 e-flex e-con-boxed e-con e-parent\" data-id=\"43dc2420\" data-element_type=\"container\">\n\t\t\t\t\t<div class=\"e-con-inner\">\n\t\t\t\t<div class=\"elementor-element elementor-element-6138afa3 elementor-widget elementor-widget-text-editor\" data-id=\"6138afa3\" data-element_type=\"widget\" data-widget_type=\"text-editor.default\">\n\t\t\t\t\t\t\t\t\t<div class=\"wp-block-spacer\" style=\"height: 100px;\" aria-hidden=\"true\"> <\/div><h1 class=\"wp-block-heading\" style=\"text-align: center;\">Terms and conditions<\/h1><p class=\"p1\"><b>Association: AMITI\u00c9 SANS FRONTI\u00c8RES International (ASFI)<\/b><br>Adress: H\u00f4tel Hermitage &#8211; Place Beaumarchais, 98000 Principality of Monaco<\/p><p class=\"p1\">Date of entry into force: April 2026<\/p><p> <\/p><h3 class=\"p1\"><b>1. Purpose<\/b><b><\/b><\/h3><p class=\"p1\">These Terms and Conditions of Use (TCU) govern access to and use of the website of the association AMITI\u00c9 SANS FRONTI\u00c8RES International (hereinafter \u201cASFI\u201d). By browsing this website, you agree to accept these TCU in full. <\/p><p> <\/p><h3 class=\"p1\"><b>2. Access to the website<\/b><b><\/b><\/h3><p class=\"p1\">Access to the website is free. The user confirms that they have the necessary skills and resources to access and use this website. ASFI cannot be held liable for any malfunction or interruption of service.  <\/p><h3> <\/h3><h3 class=\"p1\"><b>3. Intellectual property<\/b><b><\/b><\/h3><p class=\"p1\">The \u2018Amiti\u00e9 Sans Fronti\u00e8res Internationale\u2019 Association (ASFI) owns the intellectual property rights or holds the rights of use for all elements accessible on the website, in accordance with Law No. 491 of 24 November 1948 on the protection of literary and artistic works and the provisions of Law No. 1.383 of 2 August 2011 relating to the protection of works. Any reproduction, representation, modification, publication or adaptation, in whole or in part, of the elements of the website, by any means or process whatsoever, is prohibited without the prior written authorisation of ASFI. Any unauthorised use of the website or any of the elements it contains shall be deemed to constitute an infringement and shall be prosecuted in accordance with the provisions of Law No. 491 of 24 November 1948 on the protection of literary and artistic works and other Monegasque laws relating to intellectual property.  <\/p><h3> <\/h3><h3 class=\"p1\"><b>4. Personal data<\/b><b><\/b><\/h3><p class=\"p1\">ASFI is committed to respecting the privacy of website users and protecting the personal data it collects. For further information, please see our Privacy Policy. <\/p><h3 class=\"p1\"><b>5. Use of the website<\/b><b><\/b><\/h3><p class=\"p1\">The user undertakes to use the website in accordance with applicable laws and regulations, and not to infringe the rights of third parties or compromise the security or integrity of the website. Any fraudulent or abusive use will result in a temporary or permanent ban. <\/p><h3> <\/h3><h3 class=\"p1\"><b>6. Hyperlinks<\/b><b><\/b><\/h3><p class=\"p1\">The website may contain links to other websites. ASFI accepts no responsibility for the content, terms of use or privacy policies of these third-party websites. <\/p><h3> <\/h3><h3 class=\"p1\"><b>7. Liability<\/b><b><\/b><\/h3><p class=\"p1\">ASFI endeavours to ensure that the information published on its website is accurate and up to date. However, it cannot guarantee that the information is complete, accurate or up to date. Users are solely responsible for the use they make of the website and the information they find there.  <\/p><h3> <\/h3><h3 class=\"p1\"><b>8. Changes to the Terms and Conditions<\/b><b><\/b><\/h3><p class=\"p1\">ASFI reserves the right to amend these Terms and Conditions of Use at any time. The new provisions will come into effect as soon as they are published on the website. <\/p><h3> <\/h3><h3 class=\"p1\"><b>9. Legal Notice <\/b><\/h3><p class=\"p1\">A Monegasque association authorised by Ministerial Order No. 96-489 of 4 November 1996, authorising and approving the articles of association of the association known as \u2018Amiti\u00e9 Sans Fronti\u00e8res Internationale\u2019, the said articles of association having been amended and endorsed by the General Secretariat of the Monegasque Government on 14 February 2025, and the receipt for the amendment of the articles of association having been published in the Journal de Monaco on 28 February 2025.<\/p><h3> <\/h3><h3 class=\"p1\"><b>10. Applicable law and competent court<\/b><b><\/b><\/h3><p class=\"p1\">These Terms and Conditions are governed by Monegasque law. In the event of a dispute, the courts of the Principality of Monaco shall have exclusive jurisdiction. Name and address of the authority that issued the operating licence: Ministry of State, Place de la Visitation, 98000 Monaco  <\/p><p class=\"p1\">If you have any questions regarding these terms and conditions, please contact:<br>ASFI &#8211; H\u00f4tel Hermitage, Place Beaumarchais, 98000 Principality of Monaco<br>Email: secretariat AT asf.mc<\/p><h3> <\/h3><h3 class=\"p3\"><b>Website host contact details:<\/b><\/h3><p data-start=\"156\" data-end=\"212\">Monaco Telecom<br data-start=\"170\" data-end=\"173\">25 Boulevard de Suisse<br data-start=\"195\" data-end=\"198\">98000 Monaco<\/p><p data-start=\"214\" data-end=\"287\">T\u00e9l\u00e9phone: +377 99 66 33 00<br data-start=\"242\" data-end=\"245\">Site web : <a class=\"decorated-link\" href=\"https:\/\/www.monaco-telecom.mc\" target=\"_new\" rel=\"noopener\" data-start=\"256\" data-end=\"285\">https:\/\/www.monaco-telecom.mc<\/a><\/p>\t\t\t\t\t\t\t\t<\/div>\n\t\t\t\t\t<\/div>\n\t\t\t\t<\/div>\n\t\t\t\t<\/div>\n\t\t","protected":false},"excerpt":{"rendered":"<p>Terms and conditions Association: AMITI\u00c9 SANS FRONTI\u00c8RES International (ASFI)Adress: H\u00f4tel Hermitage &#8211; Place Beaumarchais, 98000 Principality of Monaco Date of entry into force: April 2026 1. Purpose These Terms and [&hellip;]<\/p>\n","protected":false},"author":1,"featured_media":0,"parent":0,"menu_order":0,"comment_status":"closed","ping_status":"closed","template":"","meta":{"give_campaign_id":0,"footnotes":""},"class_list":["post-18796","page","type-page","status-publish","hentry"],"yoast_head":"<!-- This site is optimized with the Yoast SEO plugin v27.1.1 - https:\/\/yoast.com\/product\/yoast-seo-wordpress\/ -->\n<title>Terms and Conditions - ASF Internationale<\/title>\n<meta name=\"robots\" content=\"noindex, nofollow\" \/>\n<meta property=\"og:locale\" content=\"en_US\" \/>\n<meta property=\"og:type\" content=\"article\" \/>\n<meta property=\"og:title\" content=\"Terms and Conditions - ASF Internationale\" \/>\n<meta property=\"og:description\" content=\"Terms and conditions Association: AMITI\u00c9 SANS FRONTI\u00c8RES International (ASFI)Adress: H\u00f4tel Hermitage &#8211; Place Beaumarchais, 98000 Principality of Monaco Date of entry into force: April 2026 1. Purpose These Terms and [&hellip;]\" \/>\n<meta property=\"og:url\" content=\"https:\/\/asf.mc\/en\/terms-and-conditions\/\" \/>\n<meta property=\"og:site_name\" content=\"ASF Internationale\" \/>\n<meta property=\"article:modified_time\" content=\"2026-05-08T14:06:43+00:00\" \/>\n<meta name=\"twitter:card\" content=\"summary_large_image\" \/>\n<meta name=\"twitter:label1\" content=\"Est. reading time\" \/>\n\t<meta name=\"twitter:data1\" content=\"3 minutes\" \/>\n<script type=\"application\/ld+json\" class=\"yoast-schema-graph\">{\"@context\":\"https:\/\/schema.org\",\"@graph\":[{\"@type\":\"WebPage\",\"@id\":\"https:\/\/asf.mc\/en\/terms-and-conditions\/\",\"url\":\"https:\/\/asf.mc\/en\/terms-and-conditions\/\",\"name\":\"Terms and Conditions - ASF Internationale\",\"isPartOf\":{\"@id\":\"https:\/\/asf.mc\/en\/#website\"},\"datePublished\":\"2026-02-03T11:15:25+00:00\",\"dateModified\":\"2026-05-08T14:06:43+00:00\",\"breadcrumb\":{\"@id\":\"https:\/\/asf.mc\/en\/terms-and-conditions\/#breadcrumb\"},\"inLanguage\":\"en-US\",\"potentialAction\":[{\"@type\":\"ReadAction\",\"target\":[\"https:\/\/asf.mc\/en\/terms-and-conditions\/\"]}]},{\"@type\":\"BreadcrumbList\",\"@id\":\"https:\/\/asf.mc\/en\/terms-and-conditions\/#breadcrumb\",\"itemListElement\":[{\"@type\":\"ListItem\",\"position\":1,\"name\":\"Accueil\",\"item\":\"https:\/\/asf.mc\/en\/\"},{\"@type\":\"ListItem\",\"position\":2,\"name\":\"Terms and Conditions\"}]},{\"@type\":\"WebSite\",\"@id\":\"https:\/\/asf.mc\/en\/#website\",\"url\":\"https:\/\/asf.mc\/en\/\",\"name\":\"ASF Internationale\",\"description\":\"\",\"potentialAction\":[{\"@type\":\"SearchAction\",\"target\":{\"@type\":\"EntryPoint\",\"urlTemplate\":\"https:\/\/asf.mc\/en\/?s={search_term_string}\"},\"query-input\":{\"@type\":\"PropertyValueSpecification\",\"valueRequired\":true,\"valueName\":\"search_term_string\"}}],\"inLanguage\":\"en-US\"}]}<\/script>\n<!-- \/ Yoast SEO plugin. -->","yoast_head_json":{"title":"Terms and Conditions - ASF Internationale","robots":{"index":"noindex","follow":"nofollow"},"og_locale":"en_US","og_type":"article","og_title":"Terms and Conditions - ASF Internationale","og_description":"Terms and conditions Association: AMITI\u00c9 SANS FRONTI\u00c8RES International (ASFI)Adress: H\u00f4tel Hermitage &#8211; Place Beaumarchais, 98000 Principality of Monaco Date of entry into force: April 2026 1. Purpose These Terms and [&hellip;]","og_url":"https:\/\/asf.mc\/en\/terms-and-conditions\/","og_site_name":"ASF Internationale","article_modified_time":"2026-05-08T14:06:43+00:00","twitter_card":"summary_large_image","twitter_misc":{"Est. reading time":"3 minutes"},"schema":{"@context":"https:\/\/schema.org","@graph":[{"@type":"WebPage","@id":"https:\/\/asf.mc\/en\/terms-and-conditions\/","url":"https:\/\/asf.mc\/en\/terms-and-conditions\/","name":"Terms and Conditions - ASF Internationale","isPartOf":{"@id":"https:\/\/asf.mc\/en\/#website"},"datePublished":"2026-02-03T11:15:25+00:00","dateModified":"2026-05-08T14:06:43+00:00","breadcrumb":{"@id":"https:\/\/asf.mc\/en\/terms-and-conditions\/#breadcrumb"},"inLanguage":"en-US","potentialAction":[{"@type":"ReadAction","target":["https:\/\/asf.mc\/en\/terms-and-conditions\/"]}]},{"@type":"BreadcrumbList","@id":"https:\/\/asf.mc\/en\/terms-and-conditions\/#breadcrumb","itemListElement":[{"@type":"ListItem","position":1,"name":"Accueil","item":"https:\/\/asf.mc\/en\/"},{"@type":"ListItem","position":2,"name":"Terms and Conditions"}]},{"@type":"WebSite","@id":"https:\/\/asf.mc\/en\/#website","url":"https:\/\/asf.mc\/en\/","name":"ASF Internationale","description":"","potentialAction":[{"@type":"SearchAction","target":{"@type":"EntryPoint","urlTemplate":"https:\/\/asf.mc\/en\/?s={search_term_string}"},"query-input":{"@type":"PropertyValueSpecification","valueRequired":true,"valueName":"search_term_string"}}],"inLanguage":"en-US"}]}},"campaignId":"","_links":{"self":[{"href":"https:\/\/asf.mc\/en\/wp-json\/wp\/v2\/pages\/18796","targetHints":{"allow":["GET"]}}],"collection":[{"href":"https:\/\/asf.mc\/en\/wp-json\/wp\/v2\/pages"}],"about":[{"href":"https:\/\/asf.mc\/en\/wp-json\/wp\/v2\/types\/page"}],"author":[{"embeddable":true,"href":"https:\/\/asf.mc\/en\/wp-json\/wp\/v2\/users\/1"}],"replies":[{"embeddable":true,"href":"https:\/\/asf.mc\/en\/wp-json\/wp\/v2\/comments?post=18796"}],"version-history":[{"count":3,"href":"https:\/\/asf.mc\/en\/wp-json\/wp\/v2\/pages\/18796\/revisions"}],"predecessor-version":[{"id":18916,"href":"https:\/\/asf.mc\/en\/wp-json\/wp\/v2\/pages\/18796\/revisions\/18916"}],"wp:attachment":[{"href":"https:\/\/asf.mc\/en\/wp-json\/wp\/v2\/media?parent=18796"}],"curies":[{"name":"wp","href":"https:\/\/api.w.org\/{rel}","templated":true}]}}